{"id":49,"date":"2025-07-14T11:05:52","date_gmt":"2025-07-14T11:05:52","guid":{"rendered":"https:\/\/burschenschaft1837.at\/?page_id=49"},"modified":"2025-07-15T13:19:09","modified_gmt":"2025-07-15T13:19:09","slug":"mitglieder","status":"publish","type":"page","link":"https:\/\/burschenschaft1837.at\/?page_id=49","title":{"rendered":"Mitglieder"},"content":{"rendered":"\n<div class=\"wp-block-group alignfull has-global-padding is-layout-constrained wp-container-core-group-is-layout-7800d939 wp-block-group-is-layout-constrained\" id=\"burschen\" style=\"padding-top:0;padding-right:var(--wp--preset--spacing--50);padding-bottom:0;padding-left:var(--wp--preset--spacing--50)\">\n<div class=\"wp-block-group has-global-padding is-content-justification-left is-layout-constrained wp-container-core-group-is-layout-263e55b4 wp-block-group-is-layout-constrained\" style=\"padding-top:var(--wp--preset--spacing--10);padding-right:var(--wp--preset--spacing--30);padding-bottom:var(--wp--preset--spacing--10);padding-left:var(--wp--preset--spacing--30)\">\n<h2 class=\"wp-block-heading has-text-align-left has-x-large-font-size\">Burschen<\/h2>\n\n\n\n<div style=\"height:25px\" aria-hidden=\"true\" class=\"wp-block-spacer\"><\/div>\n\n\n\n<figure class=\"wp-block-image size-large is-style-rounded is-style-rounded--1\"><img loading=\"lazy\" decoding=\"async\" width=\"1024\" height=\"562\" src=\"https:\/\/burschenschaft1837.at\/wp-content\/uploads\/2025\/07\/Burschen2017-1024x562.jpg\" alt=\"\" class=\"wp-image-85\" srcset=\"https:\/\/burschenschaft1837.at\/wp-content\/uploads\/2025\/07\/Burschen2017-1024x562.jpg 1024w, https:\/\/burschenschaft1837.at\/wp-content\/uploads\/2025\/07\/Burschen2017-300x165.jpg 300w, https:\/\/burschenschaft1837.at\/wp-content\/uploads\/2025\/07\/Burschen2017-768x422.jpg 768w, https:\/\/burschenschaft1837.at\/wp-content\/uploads\/2025\/07\/Burschen2017.jpg 1306w\" sizes=\"auto, (max-width: 1024px) 100vw, 1024px\" \/><\/figure>\n\n\n\n<div style=\"height:39px\" aria-hidden=\"true\" class=\"wp-block-spacer\"><\/div>\n\n\n\n<hr class=\"wp-block-separator has-alpha-channel-opacity is-style-wide\"\/>\n<\/div>\n<\/div>\n\n\n\n<div class=\"wp-block-group alignfull has-global-padding is-layout-constrained wp-container-core-group-is-layout-7800d939 wp-block-group-is-layout-constrained\" id=\"burschendirndl\" style=\"padding-top:0;padding-right:var(--wp--preset--spacing--50);padding-bottom:0;padding-left:var(--wp--preset--spacing--50)\">\n<div class=\"wp-block-group has-global-padding is-content-justification-left is-layout-constrained wp-container-core-group-is-layout-263e55b4 wp-block-group-is-layout-constrained\" style=\"padding-top:var(--wp--preset--spacing--10);padding-right:var(--wp--preset--spacing--30);padding-bottom:var(--wp--preset--spacing--10);padding-left:var(--wp--preset--spacing--30)\">\n<h2 class=\"wp-block-heading has-text-align-left has-x-large-font-size\">Burschendirndl<\/h2>\n\n\n\n<div style=\"height:25px\" aria-hidden=\"true\" class=\"wp-block-spacer\"><\/div>\n\n\n\n<figure class=\"wp-block-image size-large is-style-rounded is-style-rounded--2\"><img loading=\"lazy\" decoding=\"async\" width=\"1024\" height=\"683\" src=\"https:\/\/burschenschaft1837.at\/wp-content\/uploads\/2025\/07\/Burschendirndl-2024-1024x683.jpg\" alt=\"\" class=\"wp-image-86\" srcset=\"https:\/\/burschenschaft1837.at\/wp-content\/uploads\/2025\/07\/Burschendirndl-2024-1024x683.jpg 1024w, https:\/\/burschenschaft1837.at\/wp-content\/uploads\/2025\/07\/Burschendirndl-2024-300x200.jpg 300w, https:\/\/burschenschaft1837.at\/wp-content\/uploads\/2025\/07\/Burschendirndl-2024-768x512.jpg 768w, https:\/\/burschenschaft1837.at\/wp-content\/uploads\/2025\/07\/Burschendirndl-2024-1536x1024.jpg 1536w, https:\/\/burschenschaft1837.at\/wp-content\/uploads\/2025\/07\/Burschendirndl-2024-2048x1365.jpg 2048w\" sizes=\"auto, (max-width: 1024px) 100vw, 1024px\" \/><\/figure>\n\n\n\n<div style=\"height:39px\" aria-hidden=\"true\" class=\"wp-block-spacer\"><\/div>\n\n\n\n<hr class=\"wp-block-separator has-alpha-channel-opacity is-style-wide\"\/>\n<\/div>\n<\/div>\n\n\n\n<div class=\"wp-block-group alignfull has-global-padding is-layout-constrained wp-container-core-group-is-layout-7800d939 wp-block-group-is-layout-constrained\" id=\"ausschuss\" style=\"padding-top:0;padding-right:var(--wp--preset--spacing--50);padding-bottom:0;padding-left:var(--wp--preset--spacing--50)\">\n<div class=\"wp-block-group has-global-padding is-content-justification-left is-layout-constrained wp-container-core-group-is-layout-263e55b4 wp-block-group-is-layout-constrained\" style=\"padding-top:var(--wp--preset--spacing--10);padding-right:var(--wp--preset--spacing--30);padding-bottom:var(--wp--preset--spacing--10);padding-left:var(--wp--preset--spacing--30)\">\n<h2 class=\"wp-block-heading has-text-align-left has-x-large-font-size\">Ausschuss<\/h2>\n\n\n\n<div style=\"height:25px\" aria-hidden=\"true\" class=\"wp-block-spacer\"><\/div>\n\n\n\n<figure class=\"wp-block-image size-large is-style-rounded is-style-rounded--3\"><img loading=\"lazy\" decoding=\"async\" width=\"1024\" height=\"768\" src=\"https:\/\/burschenschaft1837.at\/wp-content\/uploads\/2025\/07\/Ausschuss-2024-1024x768.jpg\" alt=\"\" class=\"wp-image-87\" srcset=\"https:\/\/burschenschaft1837.at\/wp-content\/uploads\/2025\/07\/Ausschuss-2024-1024x768.jpg 1024w, https:\/\/burschenschaft1837.at\/wp-content\/uploads\/2025\/07\/Ausschuss-2024-300x225.jpg 300w, https:\/\/burschenschaft1837.at\/wp-content\/uploads\/2025\/07\/Ausschuss-2024-768x576.jpg 768w, https:\/\/burschenschaft1837.at\/wp-content\/uploads\/2025\/07\/Ausschuss-2024-1536x1152.jpg 1536w, https:\/\/burschenschaft1837.at\/wp-content\/uploads\/2025\/07\/Ausschuss-2024-2048x1536.jpg 2048w\" sizes=\"auto, (max-width: 1024px) 100vw, 1024px\" \/><\/figure>\n\n\n\n<div style=\"height:39px\" aria-hidden=\"true\" class=\"wp-block-spacer\"><\/div>\n\n\n\n<p class=\"has-text-align-left\">Hintere Reihe v. l. n. r.: Stefan Andessner, Lorenz Rauscher, David Dallinger, Simon Wageneder, Dominik Hartl, Roland Brandst\u00e4tter, Moritz Kirchsteiger<\/p>\n\n\n\n<div style=\"height:25px\" aria-hidden=\"true\" class=\"wp-block-spacer\"><\/div>\n\n\n\n<p class=\"has-text-align-left\">Vordere Reihe v. l. n. r.: Clemens Kreuzhuber (Schriftf\u00fchrer Stv.), Matthias Kroiss (Schriftf\u00fchrer), Christian Maier (Burschenf\u00fchrer Stv.), Simon Traubenek (Burschenf\u00fchrer), Christian Lughofer (Kassier), Florian K\u00fchberger (Archivar), Peter Winklinger (Kassier Stv.)<\/p>\n<\/div>\n<\/div>\n","protected":false},"excerpt":{"rendered":"<p>Burschen Burschendirndl Ausschuss Hintere Reihe v. l. n. r.: Stefan Andessner, Lorenz Rauscher, David Dallinger, Simon Wageneder, Dominik Hartl, Roland Brandst\u00e4tter, Moritz Kirchsteiger Vordere Reihe v. l. n. r.: Clemens Kreuzhuber (Schriftf\u00fchrer Stv.), Matthias Kroiss (Schriftf\u00fchrer), Christian Maier (Burschenf\u00fchrer Stv.), Simon Traubenek (Burschenf\u00fchrer), Christian Lughofer (Kassier), Florian K\u00fchberger (Archivar), Peter Winklinger (Kassier Stv.)<\/p>\n","protected":false},"author":1,"featured_media":0,"parent":0,"menu_order":0,"comment_status":"closed","ping_status":"closed","template":"","meta":{"footnotes":""},"class_list":["post-49","page","type-page","status-publish","hentry"],"_links":{"self":[{"href":"https:\/\/burschenschaft1837.at\/index.php?rest_route=\/wp\/v2\/pages\/49","targetHints":{"allow":["GET"]}}],"collection":[{"href":"https:\/\/burschenschaft1837.at\/index.php?rest_route=\/wp\/v2\/pages"}],"about":[{"href":"https:\/\/burschenschaft1837.at\/index.php?rest_route=\/wp\/v2\/types\/page"}],"author":[{"embeddable":true,"href":"https:\/\/burschenschaft1837.at\/index.php?rest_route=\/wp\/v2\/users\/1"}],"replies":[{"embeddable":true,"href":"https:\/\/burschenschaft1837.at\/index.php?rest_route=%2Fwp%2Fv2%2Fcomments&post=49"}],"version-history":[{"count":4,"href":"https:\/\/burschenschaft1837.at\/index.php?rest_route=\/wp\/v2\/pages\/49\/revisions"}],"predecessor-version":[{"id":114,"href":"https:\/\/burschenschaft1837.at\/index.php?rest_route=\/wp\/v2\/pages\/49\/revisions\/114"}],"wp:attachment":[{"href":"https:\/\/burschenschaft1837.at\/index.php?rest_route=%2Fwp%2Fv2%2Fmedia&parent=49"}],"curies":[{"name":"wp","href":"https:\/\/api.w.org\/{rel}","templated":true}]}}